{"id":31,"date":"2020-07-24T10:11:39","date_gmt":"2020-07-24T10:11:39","guid":{"rendered":"http:\/\/gschneider-sohn.de\/?page_id=31"},"modified":"2022-10-18T10:27:17","modified_gmt":"2022-10-18T10:27:17","slug":"kontakt","status":"publish","type":"page","link":"https:\/\/gschneider-sohn.de\/?page_id=31","title":{"rendered":"Kontakt"},"content":{"rendered":"<div id=\"pl-gb31-69ed132894f7b\"  class=\"panel-layout\" ><div id=\"pg-gb31-69ed132894f7b-0\"  class=\"panel-grid panel-has-style\" ><div class=\"panel-row-style panel-row-style-for-gb31-69ed132894f7b-0\" ><div id=\"pgc-gb31-69ed132894f7b-0-0\"  class=\"panel-grid-cell\" ><div id=\"panel-gb31-69ed132894f7b-0-0-0\" class=\"so-panel widget widget_sow-headline panel-first-child panel-last-child\" data-index=\"0\" ><div\n\t\t\t\n\t\t\tclass=\"so-widget-sow-headline so-widget-sow-headline-default-d5f139822e32-31\"\n\t\t\t\n\t\t><div class=\"sow-headline-container \">\n\t\t\t\t\t\t\t<h1 class=\"sow-headline\">\n\t\t\t\t\t\tKontakt\t\t\t\t\t\t<\/h1>\n\t\t\t\t\t\t\t\t\t\t\t<div class=\"decoration\">\n\t\t\t\t\t\t<div class=\"decoration-inside\"><\/div>\n\t\t\t\t\t<\/div>\n\t\t\t\t\t<\/div>\n<\/div><\/div><\/div><\/div><\/div><div id=\"pg-gb31-69ed132894f7b-1\"  class=\"panel-grid panel-has-style\" ><div class=\"lsow-row panel-row-style panel-row-style-for-gb31-69ed132894f7b-1\" ><div id=\"pgc-gb31-69ed132894f7b-1-0\"  class=\"panel-grid-cell panel-grid-cell-empty\" ><\/div><div id=\"pgc-gb31-69ed132894f7b-1-1\"  class=\"panel-grid-cell panel-grid-cell-mobile-last\" ><div id=\"panel-gb31-69ed132894f7b-1-1-0\" class=\"so-panel widget widget_sow-editor panel-first-child\" data-index=\"1\" ><div class=\"panel-widget-style panel-widget-style-for-gb31-69ed132894f7b-1-1-0\" ><div\n\t\t\t\n\t\t\tclass=\"so-widget-sow-editor so-widget-sow-editor-base\"\n\t\t\t\n\t\t>\n<div class=\"siteorigin-widget-tinymce textwidget\">\n\t<p style=\"text-align: center;\">W\u00fcnschen Sie genauere Informationen \u00fcber unser Leistungsspektrum<br \/>\noder haben Sie bereits konkrete Vorstellungen?<br \/>\nWir freuen uns \u00fcber Ihre Mail!<\/p>\n<p style=\"text-align: center;\"><a href=\"mailto:kontakt@gschneider-sohn.de\">kontakt@gschneider-sohn.de<\/a><\/p>\n<p style=\"text-align: center;\">Gerne stehen wir Ihnen nat\u00fcrlich auch telefonisch unter der<br \/>\nRufnummer <span style=\"color: #003366;\"><strong>069 \/ 34 24 45<\/strong><\/span> zur Verf\u00fcgung!<\/p>\n<\/div>\n<\/div><\/div><\/div><div id=\"panel-gb31-69ed132894f7b-1-1-1\" class=\"so-panel widget widget_sow-headline panel-last-child\" data-index=\"2\" ><div class=\"panel-widget-style panel-widget-style-for-gb31-69ed132894f7b-1-1-1\" ><div\n\t\t\t\n\t\t\tclass=\"so-widget-sow-headline so-widget-sow-headline-default-b6d91dda60f0-31\"\n\t\t\t\n\t\t><div class=\"sow-headline-container \">\n\t\t\t\t\t\t\t<h1 class=\"sow-headline\">\n\t\t\t\t\t\tRufen Sie uns an.\t\t\t\t\t\t<\/h1>\n\t\t\t\t\t\t<\/div>\n<\/div><\/div><\/div><\/div><div id=\"pgc-gb31-69ed132894f7b-1-2\"  class=\"panel-grid-cell panel-grid-cell-empty\" ><\/div><\/div><\/div><div id=\"pg-gb31-69ed132894f7b-2\"  class=\"panel-grid panel-no-style\" ><div id=\"pgc-gb31-69ed132894f7b-2-0\"  class=\"panel-grid-cell\" ><div id=\"panel-gb31-69ed132894f7b-2-0-0\" class=\"so-panel widget widget_sow-hero panel-first-child panel-last-child\" data-index=\"3\" ><div\n\t\t\t\n\t\t\tclass=\"so-widget-sow-hero so-widget-sow-hero-default-d86d7e38ff7d-31 so-widget-fittext-wrapper\"\n\t\t\t data-fit-text-compressor=\"0.85\"\n\t\t>\t\t\t\t<div class=\"sow-slider-base\" style=\"display: none\" tabindex=\"0\">\n\t\t\t\t\t<ul\n\t\t\t\t\tclass=\"sow-slider-images\"\n\t\t\t\t\tdata-settings=\"{&quot;pagination&quot;:true,&quot;speed&quot;:800,&quot;timeout&quot;:8000,&quot;paused&quot;:false,&quot;pause_on_hover&quot;:false,&quot;swipe&quot;:true,&quot;nav_always_show_desktop&quot;:&quot;&quot;,&quot;nav_always_show_mobile&quot;:&quot;&quot;,&quot;breakpoint&quot;:&quot;780px&quot;,&quot;unmute&quot;:false,&quot;anchor&quot;:null}\"\n\t\t\t\t\tstyle=\"min-height: 400px\"\t\t\t\t\tdata-anchor-id=\"\"\n\t\t\t\t>\t\t<li class=\"sow-slider-image  sow-slider-image-cover\" style=\"visibility: visible;;background-color: #333333\" >\n\t\t\t\t\t<div class=\"sow-slider-image-container\">\n\t\t\t<div class=\"sow-slider-image-wrapper\">\n\t\t\t\t<h2 style=\"text-align: right\">SIE VERDIENEN MEHR!<\/h2>\n<h2 style=\"text-align: right\"><span style=\"color: #f46455\">WIR HELFEN IHNEN<\/span><\/h2>\n\t\t\t<\/div>\n\t\t<\/div>\n\t\t<div class=\"sow-slider-image-overlay sow-slider-image-cover\" style=\"opacity: 0.56;background-image: url(https:\/\/gschneider-sohn.de\/wp-content\/uploads\/2020\/09\/bathroom-691341_1920.jpg)\"  ><\/div>\t\t<\/li>\n\t\t<\/ul>\t\t\t\t<ol class=\"sow-slider-pagination\">\n\t\t\t\t\t\t\t\t\t\t\t<li><a href=\"#\" data-goto=\"0\" aria-label=\"Display slide 1\"><\/a><\/li>\n\t\t\t\t\t\t\t\t\t<\/ol>\n\n\t\t\t\t<div class=\"sow-slide-nav sow-slide-nav-next\">\n\t\t\t\t\t<a href=\"#\" data-goto=\"next\" aria-label=\"Next slide\" data-action=\"next\">\n\t\t\t\t\t\t<em class=\"sow-sld-icon-thin-right\"><\/em>\n\t\t\t\t\t<\/a>\n\t\t\t\t<\/div>\n\n\t\t\t\t<div class=\"sow-slide-nav sow-slide-nav-prev\">\n\t\t\t\t\t<a href=\"#\" data-goto=\"previous\" aria-label=\"Previous slide\" data-action=\"prev\">\n\t\t\t\t\t\t<em class=\"sow-sld-icon-thin-left\"><\/em>\n\t\t\t\t\t<\/a>\n\t\t\t\t<\/div>\n\t\t\t\t<\/div><\/div><\/div><\/div><\/div><div id=\"pg-gb31-69ed132894f7b-3\"  class=\"panel-grid panel-no-style\" ><div id=\"pgc-gb31-69ed132894f7b-3-0\"  class=\"panel-grid-cell\" ><div id=\"panel-gb31-69ed132894f7b-3-0-0\" class=\"so-panel widget widget_sow-editor panel-first-child\" data-index=\"4\" ><div class=\"panel-widget-style panel-widget-style-for-gb31-69ed132894f7b-3-0-0\" ><div\n\t\t\t\n\t\t\tclass=\"so-widget-sow-editor so-widget-sow-editor-base\"\n\t\t\t\n\t\t>\n<div class=\"siteorigin-widget-tinymce textwidget\">\n\t<h2 style=\"text-align: center;\"><span style=\"color: #003366;\">HAUSTECHNIK F\u00dcR FRANKFURT AM MAIN &amp; UMGEBUNG<\/span><\/h2>\n<\/div>\n<\/div><\/div><\/div><div id=\"panel-gb31-69ed132894f7b-3-0-1\" class=\"so-panel widget widget_sow-headline panel-last-child\" data-index=\"5\" ><div class=\"panel-widget-style panel-widget-style-for-gb31-69ed132894f7b-3-0-1\" ><div\n\t\t\t\n\t\t\tclass=\"so-widget-sow-headline so-widget-sow-headline-default-b6d91dda60f0-31\"\n\t\t\t\n\t\t><div class=\"sow-headline-container \">\n\t\t\t\t\t\t\t<h1 class=\"sow-headline\">\n\t\t\t\t\t\tG. Schneider &amp; Sohn GmbH\t\t\t\t\t\t<\/h1>\n\t\t\t\t\t\t<\/div>\n<\/div><\/div><\/div><\/div><\/div><\/div>","protected":false},"excerpt":{"rendered":"<p>W\u00fcnschen Sie genauere Informationen \u00fcber unser Leistungsspektrum oder haben Sie bereits konkrete Vorstellungen? Wir freuen uns \u00fcber Ihre Mail! kontakt@gschneider-sohn.de Gerne stehen wir Ihnen nat\u00fcrlich auch telefonisch unter der Rufnummer 069 \/ 34 24 45 zur Verf\u00fcgung!<\/p>\n","protected":false},"author":1,"featured_media":0,"parent":0,"menu_order":0,"comment_status":"closed","ping_status":"closed","template":"page-templates\/pagebuilder.php","meta":{"zakra_page_container_layout":"customizer","zakra_page_sidebar_layout":"customizer","zakra_remove_content_margin":false,"zakra_sidebar":"customizer","zakra_transparent_header":"customizer","zakra_logo":0,"zakra_main_header_style":"default","zakra_menu_item_color":"","zakra_menu_item_hover_color":"","zakra_menu_item_active_color":"","zakra_menu_active_style":"","zakra_page_header":false,"footnotes":""},"class_list":["post-31","page","type-page","status-publish","hentry"],"_links":{"self":[{"href":"https:\/\/gschneider-sohn.de\/index.php?rest_route=\/wp\/v2\/pages\/31","targetHints":{"allow":["GET"]}}],"collection":[{"href":"https:\/\/gschneider-sohn.de\/index.php?rest_route=\/wp\/v2\/pages"}],"about":[{"href":"https:\/\/gschneider-sohn.de\/index.php?rest_route=\/wp\/v2\/types\/page"}],"author":[{"embeddable":true,"href":"https:\/\/gschneider-sohn.de\/index.php?rest_route=\/wp\/v2\/users\/1"}],"replies":[{"embeddable":true,"href":"https:\/\/gschneider-sohn.de\/index.php?rest_route=%2Fwp%2Fv2%2Fcomments&post=31"}],"version-history":[{"count":49,"href":"https:\/\/gschneider-sohn.de\/index.php?rest_route=\/wp\/v2\/pages\/31\/revisions"}],"predecessor-version":[{"id":826,"href":"https:\/\/gschneider-sohn.de\/index.php?rest_route=\/wp\/v2\/pages\/31\/revisions\/826"}],"wp:attachment":[{"href":"https:\/\/gschneider-sohn.de\/index.php?rest_route=%2Fwp%2Fv2%2Fmedia&parent=31"}],"curies":[{"name":"wp","href":"https:\/\/api.w.org\/{rel}","templated":true}]}}